{"id":113,"date":"2015-10-22T14:34:37","date_gmt":"2015-10-22T14:34:37","guid":{"rendered":"http:\/\/test.kriesi.at\/construction\/?page_id=113"},"modified":"2025-05-02T10:52:09","modified_gmt":"2025-05-02T07:52:09","slug":"bordro-ucret-yonetimi","status":"publish","type":"page","link":"https:\/\/gpdanismanlik.com.tr\/?page_id=113","title":{"rendered":"Bordro &#8211; \u00dccret Y\u00f6netimi"},"content":{"rendered":"<div  class='avia-slideshow av-44mp35-148fb58314d09bc66631e03c17bc643b avia-slideshow-featured_large av_slideshow avia-fade-slider  avia-builder-el-0  el_before_av_one_full  avia-builder-el-first  av-slideshow-ui av-control-hidden av-no-slider-navigation av-hide-nav-arrows av-slideshow-autoplay av-loop-endless av-loop-manual-endless av-default-height-applied avia-slideshow-1' data-slideshow-options=\"{&quot;animation&quot;:&quot;fade&quot;,&quot;autoplay&quot;:true,&quot;loop_autoplay&quot;:&quot;endless&quot;,&quot;interval&quot;:5,&quot;loop_manual&quot;:&quot;manual-endless&quot;,&quot;autoplay_stopper&quot;:false,&quot;noNavigation&quot;:true,&quot;bg_slider&quot;:false,&quot;keep_padding&quot;:false,&quot;hoverpause&quot;:false,&quot;show_slide_delay&quot;:0}\"  itemprop=\"image\" itemscope=\"itemscope\" itemtype=\"https:\/\/schema.org\/ImageObject\" ><ul class='avia-slideshow-inner ' style='padding-bottom: 37.988165680473%;'><li  class='avia-slideshow-slide av-44mp35-148fb58314d09bc66631e03c17bc643b__0  av-single-slide slide-1 slide-odd'><div data-rel='slideshow-1' class='avia-slide-wrap '   ><img decoding=\"async\" fetchpriority=\"high\" class=\"wp-image-307 avia-img-lazy-loading-not-307\"  src=\"https:\/\/gpdanismanlik.com.tr\/wp-content\/uploads\/2025\/04\/bordro-ucret-yonetimi-1.webp\" width=\"845\" height=\"321\" title='bordro \u00fccret y\u00f6netimi' alt='bordro \u00fccret y\u00f6netimi'  itemprop=\"thumbnailUrl\" srcset=\"https:\/\/gpdanismanlik.com.tr\/wp-content\/uploads\/2025\/04\/bordro-ucret-yonetimi-1.webp 845w, https:\/\/gpdanismanlik.com.tr\/wp-content\/uploads\/2025\/04\/bordro-ucret-yonetimi-1-300x114.webp 300w, https:\/\/gpdanismanlik.com.tr\/wp-content\/uploads\/2025\/04\/bordro-ucret-yonetimi-1-768x292.webp 768w, https:\/\/gpdanismanlik.com.tr\/wp-content\/uploads\/2025\/04\/bordro-ucret-yonetimi-1-705x268.webp 705w\" sizes=\"(max-width: 845px) 100vw, 845px\" \/><\/div><\/li><\/ul><\/div>\n<div  class='flex_column av-8ygvt-6672a904fdcc75ea5a1ad94e9923ed61 av_one_full  avia-builder-el-1  el_after_av_slideshow  avia-builder-el-last  first flex_column_div  '     ><p>\n<style type=\"text\/css\" data-created_by=\"avia_inline_auto\" id=\"style-css-av-38anzt-4da51c89991c7a27adfeebf6e72c901a\">\n#top .av-special-heading.av-38anzt-4da51c89991c7a27adfeebf6e72c901a{\npadding-bottom:0;\n}\nbody .av-special-heading.av-38anzt-4da51c89991c7a27adfeebf6e72c901a .av-special-heading-tag .heading-char{\nfont-size:25px;\n}\n.av-special-heading.av-38anzt-4da51c89991c7a27adfeebf6e72c901a .av-subheading{\nfont-size:15px;\n}\n<\/style>\n<div  class='av-special-heading av-38anzt-4da51c89991c7a27adfeebf6e72c901a av-special-heading-h1  avia-builder-el-2  el_before_av_hr  avia-builder-el-first '><h1 class='av-special-heading-tag '  itemprop=\"headline\"  >Bordro &#8211; \u00dccret Y\u00f6netimi<\/h1><div class=\"special-heading-border\"><div class=\"special-heading-inner-border\"><\/div><\/div><\/div><br \/>\n\n<style type=\"text\/css\" data-created_by=\"avia_inline_auto\" id=\"style-css-av-34561t-c84ea7b07e5bc39732180835edbb3037\">\n#top .hr.av-34561t-c84ea7b07e5bc39732180835edbb3037{\nmargin-top:10px;\nmargin-bottom:10px;\n}\n.hr.av-34561t-c84ea7b07e5bc39732180835edbb3037 .hr-inner{\nwidth:50px;\nborder-color:#efbb20;\n}\n<\/style>\n<div  class='hr av-34561t-c84ea7b07e5bc39732180835edbb3037 hr-custom  avia-builder-el-3  el_after_av_heading  el_before_av_textblock  hr-left hr-icon-no'><span class='hr-inner inner-border-av-border-fat'><span class=\"hr-inner-style\"><\/span><\/span><\/div><br \/>\n<section  class='av_textblock_section av-2qo5eh-f249c805bc18c7e9ce612e24e8847451 '   itemscope=\"itemscope\" itemtype=\"https:\/\/schema.org\/CreativeWork\" ><div class='avia_textblock'  itemprop=\"text\" ><p>Bordro ve \u00dccret Y\u00f6netimi, \u00e7al\u0131\u015fanlar\u0131n maa\u015f, prim, yan hak ve kesintilerinin eksiksiz, zaman\u0131nda ce mevzuata uygun bir \u015fekilde hesaplanarak \u00f6denmesi sa\u011flanan bir \u0130nsan Kaynaklar\u0131 alan\u0131d\u0131r. Finans, hukuk ve \u0130K s\u00fcre\u00e7lerinin tamamen kesi\u015fim noktas\u0131nda bulunur. B\u00f6ylece hem \u00e7al\u0131\u015fan memnuniyeti hem de \u015firket itibar\u0131 olumlu y\u00f6nde etkilenir.<\/p>\n<h3>Stratejik \u00d6nemi<\/h3>\n<ul>\n<li><strong>Finansal Planlama<\/strong>: Net \u00fccret, vergi, SGK primleri ve yan hak maliyetleri do\u011fru bir \u015fekilde \u00f6n g\u00f6r\u00fclmesiyle do\u011fru b\u00fct\u00e7e planlamas\u0131 yap\u0131l\u0131r.<\/li>\n<li><strong>Yasal Risklerin Azalt\u0131lmas\u0131<\/strong>: 5510 Say\u0131l\u0131 Kanun, Gelir Vergisi Kanunu ve \u0130\u015f Kanunu&#8217;na uygun bir \u015fekilde s\u00fcrecin y\u00f6netilmesi, para cezalar\u0131 ve itibar kayb\u0131n\u0131n \u00f6n\u00fcne ge\u00e7er.<\/li>\n<li><strong>\u00c7al\u0131\u015fan Ba\u011fl\u0131l\u0131\u011f\u0131<\/strong>: Maa\u015flar\u0131n tutarl\u0131 ve hatas\u0131z bir \u015fekilde yat\u0131r\u0131lmas\u0131 g\u00fcven duygusunu peki\u015ftirir.<\/li>\n<\/ul>\n<h2>Bordro ve \u00dccret Y\u00f6netimi&#8217;nde Dijital \u00c7\u00f6z\u00fcmler<\/h2>\n<p>Bulut tabanl\u0131 bordro yaz\u0131l\u0131mlar\u0131, personel verisini bir platformda sakl\u0131 tutar, otomatik g\u00fcncellemer sayesinde mevzuat de\u011fi\u015fimlerini h\u0131zl\u0131 bir \u015fekilde uyarlar. Entegrasyonlar sayesinde zaman ve puantaj sistemlerinden gelen verileri do\u011fru bir \u015fekilde bordroya aktarmaktad\u0131r ve manuel hata risklerini minimuma indirir. B\u00f6ylece verimlilik y\u00fckselir.<\/p>\n<h3>Yasal Uyum ve Denetim<\/h3>\n<ul>\n<li><strong>SGK Bildirimleri<\/strong>: Ayl\u0131k prim ve hizmet belgelerinin zaman\u0131nda g\u00f6nderilmesi olduk\u00e7a \u00f6nemlidir.<\/li>\n<li><strong>KVKK &amp; GDPR<\/strong>: \u00c7al\u0131\u015fan veri gizlili\u011fi, teknik ve idari tedbirlerle korunmas\u0131 gerekir.<\/li>\n<li><strong>\u0130\u00e7 Denetim<\/strong>: D\u00fczenli bordro kontrol\u00fc, hatal\u0131 vergi s\u0131n\u0131fland\u0131r\u0131lmas\u0131 ya da m\u00fckerrer \u00f6deme risklerini ortadan kald\u0131rmaktad\u0131r.<\/li>\n<\/ul>\n<p>\u0130yi bir bordro &amp; \u00fccret y\u00f6netimi, sadece maa\u015f hesaplamaktan ibaret de\u011fildir; ayn\u0131 zamanda \u015firketin finansal sa\u011fl\u0131\u011f\u0131n\u0131 korur, \u00e7al\u0131\u015fan deneyimini iyile\u015ftirir ve mevzuata uygun olas\u0131 riskleri minimuma indirir. Profesyonel programlar sayesinde s\u00fcrekli mevzuat takibi desteklenen ba\u015far\u0131l\u0131 bir bordro s\u00fcreci, kurumlar\u0131n stratejik rekabet g\u00fcc\u00fcn\u00fc art\u0131rmaya yard\u0131mc\u0131 olan kritik bir g\u00fc\u00e7t\u00fcr.<\/p>\n<\/div><\/section><\/p><\/div>\n","protected":false},"excerpt":{"rendered":"","protected":false},"author":1,"featured_media":83,"parent":25,"menu_order":0,"comment_status":"closed","ping_status":"closed","template":"","meta":{"footnotes":""},"class_list":["post-113","page","type-page","status-publish","has-post-thumbnail","hentry"],"_links":{"self":[{"href":"https:\/\/gpdanismanlik.com.tr\/index.php?rest_route=\/wp\/v2\/pages\/113","targetHints":{"allow":["GET"]}}],"collection":[{"href":"https:\/\/gpdanismanlik.com.tr\/index.php?rest_route=\/wp\/v2\/pages"}],"about":[{"href":"https:\/\/gpdanismanlik.com.tr\/index.php?rest_route=\/wp\/v2\/types\/page"}],"author":[{"embeddable":true,"href":"https:\/\/gpdanismanlik.com.tr\/index.php?rest_route=\/wp\/v2\/users\/1"}],"replies":[{"embeddable":true,"href":"https:\/\/gpdanismanlik.com.tr\/index.php?rest_route=%2Fwp%2Fv2%2Fcomments&post=113"}],"version-history":[{"count":10,"href":"https:\/\/gpdanismanlik.com.tr\/index.php?rest_route=\/wp\/v2\/pages\/113\/revisions"}],"predecessor-version":[{"id":460,"href":"https:\/\/gpdanismanlik.com.tr\/index.php?rest_route=\/wp\/v2\/pages\/113\/revisions\/460"}],"up":[{"embeddable":true,"href":"https:\/\/gpdanismanlik.com.tr\/index.php?rest_route=\/wp\/v2\/pages\/25"}],"wp:featuredmedia":[{"embeddable":true,"href":"https:\/\/gpdanismanlik.com.tr\/index.php?rest_route=\/wp\/v2\/media\/83"}],"wp:attachment":[{"href":"https:\/\/gpdanismanlik.com.tr\/index.php?rest_route=%2Fwp%2Fv2%2Fmedia&parent=113"}],"curies":[{"name":"wp","href":"https:\/\/api.w.org\/{rel}","templated":true}]}}