{"id":135,"date":"2015-10-22T15:31:25","date_gmt":"2015-10-22T15:31:25","guid":{"rendered":"http:\/\/test.kriesi.at\/construction\/?page_id=135"},"modified":"2025-05-02T10:52:57","modified_gmt":"2025-05-02T07:52:57","slug":"egitim-gelisim","status":"publish","type":"page","link":"https:\/\/gpdanismanlik.com.tr\/?page_id=135","title":{"rendered":"E\u011fitim &#8211; Geli\u015fim"},"content":{"rendered":"<div  class='avia-slideshow av-ep9cf-7177d1c21bfade99daa8b93032df446f avia-slideshow-featured_large av_slideshow avia-fade-slider  avia-builder-el-0  el_before_av_one_full  avia-builder-el-first  av-slideshow-ui av-control-hidden av-no-slider-navigation av-hide-nav-arrows av-slideshow-autoplay av-loop-endless av-loop-manual-endless av-default-height-applied avia-slideshow-1' data-slideshow-options=\"{&quot;animation&quot;:&quot;fade&quot;,&quot;autoplay&quot;:true,&quot;loop_autoplay&quot;:&quot;endless&quot;,&quot;interval&quot;:5,&quot;loop_manual&quot;:&quot;manual-endless&quot;,&quot;autoplay_stopper&quot;:false,&quot;noNavigation&quot;:true,&quot;bg_slider&quot;:false,&quot;keep_padding&quot;:false,&quot;hoverpause&quot;:false,&quot;show_slide_delay&quot;:0}\"  itemprop=\"image\" itemscope=\"itemscope\" itemtype=\"https:\/\/schema.org\/ImageObject\" ><ul class='avia-slideshow-inner ' style='padding-bottom: 37.988165680473%;'><li  class='avia-slideshow-slide av-ep9cf-7177d1c21bfade99daa8b93032df446f__0  av-single-slide slide-1 slide-odd'><div data-rel='slideshow-1' class='avia-slide-wrap '   ><img decoding=\"async\" fetchpriority=\"high\" class=\"wp-image-312 avia-img-lazy-loading-not-312\"  src=\"https:\/\/gpdanismanlik.com.tr\/wp-content\/uploads\/2025\/04\/egitim-gelisim-1.webp\" width=\"845\" height=\"321\" title='e\u011fitim, geli\u015fim' alt='e\u011fitim, geli\u015fim'  itemprop=\"thumbnailUrl\" srcset=\"https:\/\/gpdanismanlik.com.tr\/wp-content\/uploads\/2025\/04\/egitim-gelisim-1.webp 845w, https:\/\/gpdanismanlik.com.tr\/wp-content\/uploads\/2025\/04\/egitim-gelisim-1-300x114.webp 300w, https:\/\/gpdanismanlik.com.tr\/wp-content\/uploads\/2025\/04\/egitim-gelisim-1-768x292.webp 768w, https:\/\/gpdanismanlik.com.tr\/wp-content\/uploads\/2025\/04\/egitim-gelisim-1-705x268.webp 705w\" sizes=\"(max-width: 845px) 100vw, 845px\" \/><\/div><\/li><\/ul><\/div>\n\n<style type=\"text\/css\" data-created_by=\"avia_inline_auto\" id=\"style-css-av-3f0fpr-6d9f19b75cdad9ccb60e91e71b21f3a4\">\n#top .flex_column.av-3f0fpr-6d9f19b75cdad9ccb60e91e71b21f3a4{\nmargin-top:0px;\nmargin-bottom:0px;\n}\n.flex_column.av-3f0fpr-6d9f19b75cdad9ccb60e91e71b21f3a4{\nborder-radius:0px 0px 0px 0px;\npadding:0px 0px 0px 0px;\n}\n.responsive #top #wrap_all .flex_column.av-3f0fpr-6d9f19b75cdad9ccb60e91e71b21f3a4{\nmargin-top:0px;\nmargin-bottom:0px;\n}\n<\/style>\n<div  class='flex_column av-3f0fpr-6d9f19b75cdad9ccb60e91e71b21f3a4 av_one_full  avia-builder-el-1  el_after_av_slideshow  avia-builder-el-last  first flex_column_div av-animated-generic bottom-to-top av-zero-column-padding  '     ><p>\n<style type=\"text\/css\" data-created_by=\"avia_inline_auto\" id=\"style-css-av-37kesn-13f8a0712d268089bf4d21bd9d06cbb4\">\n#top .av-special-heading.av-37kesn-13f8a0712d268089bf4d21bd9d06cbb4{\npadding-bottom:0;\n}\nbody .av-special-heading.av-37kesn-13f8a0712d268089bf4d21bd9d06cbb4 .av-special-heading-tag .heading-char{\nfont-size:25px;\n}\n.av-special-heading.av-37kesn-13f8a0712d268089bf4d21bd9d06cbb4 .av-subheading{\nfont-size:15px;\n}\n<\/style>\n<div  class='av-special-heading av-37kesn-13f8a0712d268089bf4d21bd9d06cbb4 av-special-heading-h1  avia-builder-el-2  el_before_av_hr  avia-builder-el-first '><h1 class='av-special-heading-tag '  itemprop=\"headline\"  >E\u011fitim &#8211; Geli\u015fim<\/h1><div class=\"special-heading-border\"><div class=\"special-heading-inner-border\"><\/div><\/div><\/div><br \/>\n\n<style type=\"text\/css\" data-created_by=\"avia_inline_auto\" id=\"style-css-av-30babz-50661c176c67b1ca8ee83ae337a42c67\">\n#top .hr.av-30babz-50661c176c67b1ca8ee83ae337a42c67{\nmargin-top:10px;\nmargin-bottom:10px;\n}\n.hr.av-30babz-50661c176c67b1ca8ee83ae337a42c67 .hr-inner{\nwidth:50px;\nborder-color:#efbb20;\n}\n<\/style>\n<div  class='hr av-30babz-50661c176c67b1ca8ee83ae337a42c67 hr-custom  avia-builder-el-3  el_after_av_heading  el_before_av_textblock  hr-left hr-icon-no'><span class='hr-inner inner-border-av-border-fat'><span class=\"hr-inner-style\"><\/span><\/span><\/div><br \/>\n<section  class='av_textblock_section av-9rymn-613528a55af1365c92e31ff9d8147b69 '   itemscope=\"itemscope\" itemtype=\"https:\/\/schema.org\/CreativeWork\" ><div class='avia_textblock'  itemprop=\"text\" ><p>E\u011fitim ve Geli\u015fim, \u00e7al\u0131\u015fanlar\u0131 bilgi, beceri ve tutumlar\u0131n\u0131 kapsaml\u0131 programlar ile geli\u015ftirerek hem bireysel performans\u0131 hem de kurumun rekabet g\u00fcc\u00fcn\u00fc art\u0131rmay\u0131 hedefleyen stratejik \u0130nsan Kaynaklar\u0131 alan\u0131d\u0131r. Teknik e\u011fitimlerden liderlik at\u00f6lyelerine, mentorluk programlar\u0131ndan dijital mikro-\u00f6\u011frenme mod\u00fcllerine kadar bir\u00e7ok alan\u0131 kapsar.<\/p>\n<h3>\u0130htiya\u00e7 Analizi Nas\u0131l Yap\u0131l\u0131r?<\/h3>\n<ul>\n<li><strong>Yetkinlik Envanter<\/strong>i: Mevcut rollerin gerektirmi\u015f oldu\u011fu teknik ve davran\u0131\u015fsal yetkinlikler \u00e7\u0131kar\u0131l\u0131r.<\/li>\n<li><strong>Bo\u015fluk Analizi<\/strong>: \u00c7al\u0131\u015fan yetkinlikleri ile hedeflenen yetkinlikler kar\u015f\u0131la\u015ft\u0131rarak, geli\u015fim alanlar\u0131 tespit edilir.<\/li>\n<li><strong>\u00d6nceliklendirme<\/strong>: \u0130\u015f stratejisine en kritik katk\u0131y\u0131 yapacak e\u011fitimler \u00f6ncelik olarak planlan\u0131r. Bu ad\u0131mlar do\u011frultusunda, do\u011fru i\u00e7erik ve format se\u00e7imine zemin haz\u0131rlan\u0131r.<\/li>\n<\/ul>\n<\/div><\/section><\/p><\/div>\n","protected":false},"excerpt":{"rendered":"","protected":false},"author":1,"featured_media":0,"parent":25,"menu_order":0,"comment_status":"closed","ping_status":"closed","template":"","meta":{"footnotes":""},"class_list":["post-135","page","type-page","status-publish","hentry"],"_links":{"self":[{"href":"https:\/\/gpdanismanlik.com.tr\/index.php?rest_route=\/wp\/v2\/pages\/135","targetHints":{"allow":["GET"]}}],"collection":[{"href":"https:\/\/gpdanismanlik.com.tr\/index.php?rest_route=\/wp\/v2\/pages"}],"about":[{"href":"https:\/\/gpdanismanlik.com.tr\/index.php?rest_route=\/wp\/v2\/types\/page"}],"author":[{"embeddable":true,"href":"https:\/\/gpdanismanlik.com.tr\/index.php?rest_route=\/wp\/v2\/users\/1"}],"replies":[{"embeddable":true,"href":"https:\/\/gpdanismanlik.com.tr\/index.php?rest_route=%2Fwp%2Fv2%2Fcomments&post=135"}],"version-history":[{"count":4,"href":"https:\/\/gpdanismanlik.com.tr\/index.php?rest_route=\/wp\/v2\/pages\/135\/revisions"}],"predecessor-version":[{"id":461,"href":"https:\/\/gpdanismanlik.com.tr\/index.php?rest_route=\/wp\/v2\/pages\/135\/revisions\/461"}],"up":[{"embeddable":true,"href":"https:\/\/gpdanismanlik.com.tr\/index.php?rest_route=\/wp\/v2\/pages\/25"}],"wp:attachment":[{"href":"https:\/\/gpdanismanlik.com.tr\/index.php?rest_route=%2Fwp%2Fv2%2Fmedia&parent=135"}],"curies":[{"name":"wp","href":"https:\/\/api.w.org\/{rel}","templated":true}]}}