{"id":142,"date":"2015-10-22T15:32:34","date_gmt":"2015-10-22T15:32:34","guid":{"rendered":"http:\/\/test.kriesi.at\/construction\/?page_id=142"},"modified":"2025-05-02T10:56:31","modified_gmt":"2025-05-02T07:56:31","slug":"personel-bulma","status":"publish","type":"page","link":"https:\/\/gpdanismanlik.com.tr\/?page_id=142","title":{"rendered":"Personel Bulma"},"content":{"rendered":"<div  class='avia-slideshow av-32tde6-64ba557892fce003816f0a54302d82bd avia-slideshow-featured_large av_slideshow avia-fade-slider  avia-builder-el-0  el_before_av_one_full  avia-builder-el-first  av-slideshow-ui av-control-hidden av-no-slider-navigation av-hide-nav-arrows av-slideshow-autoplay av-loop-endless av-loop-manual-endless av-default-height-applied avia-slideshow-1' data-slideshow-options=\"{&quot;animation&quot;:&quot;fade&quot;,&quot;autoplay&quot;:true,&quot;loop_autoplay&quot;:&quot;endless&quot;,&quot;interval&quot;:5,&quot;loop_manual&quot;:&quot;manual-endless&quot;,&quot;autoplay_stopper&quot;:false,&quot;noNavigation&quot;:true,&quot;bg_slider&quot;:false,&quot;keep_padding&quot;:false,&quot;hoverpause&quot;:false,&quot;show_slide_delay&quot;:0}\"  itemprop=\"image\" itemscope=\"itemscope\" itemtype=\"https:\/\/schema.org\/ImageObject\" ><ul class='avia-slideshow-inner ' style='padding-bottom: 37.988165680473%;'><li  class='avia-slideshow-slide av-32tde6-64ba557892fce003816f0a54302d82bd__0  av-single-slide slide-1 slide-odd'><div data-rel='slideshow-1' class='avia-slide-wrap '   ><img decoding=\"async\" fetchpriority=\"high\" class=\"wp-image-318 avia-img-lazy-loading-not-318\"  src=\"https:\/\/gpdanismanlik.com.tr\/wp-content\/uploads\/2025\/04\/personel-bulma.webp\" width=\"845\" height=\"321\" title='personel bulma' alt='personel bulma'  itemprop=\"thumbnailUrl\" srcset=\"https:\/\/gpdanismanlik.com.tr\/wp-content\/uploads\/2025\/04\/personel-bulma.webp 845w, https:\/\/gpdanismanlik.com.tr\/wp-content\/uploads\/2025\/04\/personel-bulma-300x114.webp 300w, https:\/\/gpdanismanlik.com.tr\/wp-content\/uploads\/2025\/04\/personel-bulma-768x292.webp 768w, https:\/\/gpdanismanlik.com.tr\/wp-content\/uploads\/2025\/04\/personel-bulma-705x268.webp 705w\" sizes=\"(max-width: 845px) 100vw, 845px\" \/><\/div><\/li><\/ul><\/div>\n\n<style type=\"text\/css\" data-created_by=\"avia_inline_auto\" id=\"style-css-av-2j38ku-ae44afd85de8d91e21d0ea87df3542d9\">\n#top .flex_column.av-2j38ku-ae44afd85de8d91e21d0ea87df3542d9{\nmargin-top:0px;\nmargin-bottom:0px;\n}\n.flex_column.av-2j38ku-ae44afd85de8d91e21d0ea87df3542d9{\nborder-radius:0px 0px 0px 0px;\npadding:0px 0px 0px 0px;\n}\n.responsive #top #wrap_all .flex_column.av-2j38ku-ae44afd85de8d91e21d0ea87df3542d9{\nmargin-top:0px;\nmargin-bottom:0px;\n}\n<\/style>\n<div  class='flex_column av-2j38ku-ae44afd85de8d91e21d0ea87df3542d9 av_one_full  avia-builder-el-1  el_after_av_slideshow  avia-builder-el-last  first flex_column_div av-animated-generic bottom-to-top av-zero-column-padding  '     ><p>\n<style type=\"text\/css\" data-created_by=\"avia_inline_auto\" id=\"style-css-av-2ca59y-c9790f392ad1b0ec9a76870c3b35cb3a\">\n#top .av-special-heading.av-2ca59y-c9790f392ad1b0ec9a76870c3b35cb3a{\npadding-bottom:0;\n}\nbody .av-special-heading.av-2ca59y-c9790f392ad1b0ec9a76870c3b35cb3a .av-special-heading-tag .heading-char{\nfont-size:25px;\n}\n.av-special-heading.av-2ca59y-c9790f392ad1b0ec9a76870c3b35cb3a .av-subheading{\nfont-size:15px;\n}\n<\/style>\n<div  class='av-special-heading av-2ca59y-c9790f392ad1b0ec9a76870c3b35cb3a av-special-heading-h1  avia-builder-el-2  el_before_av_hr  avia-builder-el-first '><h1 class='av-special-heading-tag '  itemprop=\"headline\"  >Personel Bulma<\/h1><div class=\"special-heading-border\"><div class=\"special-heading-inner-border\"><\/div><\/div><\/div><br \/>\n\n<style type=\"text\/css\" data-created_by=\"avia_inline_auto\" id=\"style-css-av-27e3ba-091e650bc778a7f68f56c7700e50b87b\">\n#top .hr.av-27e3ba-091e650bc778a7f68f56c7700e50b87b{\nmargin-top:10px;\nmargin-bottom:10px;\n}\n.hr.av-27e3ba-091e650bc778a7f68f56c7700e50b87b .hr-inner{\nwidth:50px;\nborder-color:#efbb20;\n}\n<\/style>\n<div  class='hr av-27e3ba-091e650bc778a7f68f56c7700e50b87b hr-custom  avia-builder-el-3  el_after_av_heading  el_before_av_textblock  hr-left hr-icon-no'><span class='hr-inner inner-border-av-border-fat'><span class=\"hr-inner-style\"><\/span><\/span><\/div><br \/>\n<section  class='av_textblock_section av-16qmji-07579dde30b1de50c2e26ca34c974bf3 '   itemscope=\"itemscope\" itemtype=\"https:\/\/schema.org\/CreativeWork\" ><div class='avia_textblock'  itemprop=\"text\" ><p>G\u00fcn\u00fcm\u00fczde i\u015f d\u00fcnyas\u0131nda &#8220;personel bulma&#8221; sadece a\u00e7\u0131k pozisyonu doldurmak i\u00e7in yeterli de\u011fildir. \u0130\u015fletmelerin uzun vadeli vizyonuna hizmet edecek do\u011fru yetene\u011fi tespit etmek \u00f6nemlidir. Gp dan\u0131\u015fmanl\u0131k olarak, i\u015fe al\u0131m s\u00fcrecini profesyonel bir \u015fekilde y\u00fcr\u00fct\u00fcyor, m\u00fc\u015fterilerimize s\u00fcrd\u00fcr\u00fclebilir bir ba\u015far\u0131 i\u00e7in gerekli personel deste\u011fini sa\u011fl\u0131yoruz.<\/p>\n<h3>Stratejik Arama Plan\u0131<\/h3>\n<p>Personel bulmada ilk olarak, pozisyonun i\u015f hedefleri ile ili\u015fkilendirerek net bir yetkinlik verisi \u00e7\u0131karmak \u00f6nemlidir. Sekt\u00f6r analizleri ile beraber maa\u015f ve rakip incelemeleriyle desteklenen bu plan, arama s\u00fcresini minimuma indirerek uygun aday\u0131 olma olas\u0131l\u0131\u011f\u0131 \u00f6nemli oranda y\u00fckseltir. Bununla beraber, rol\u00fcn k\u00fclt\u00fcrel uyum kriterlerini de tan\u0131mlayarak uzun vadeli ba\u015far\u0131y\u0131 garanti alt\u0131na al\u0131yoruz.<\/p>\n<h3>Dijital Kaynaklar\u0131n G\u00fcc\u00fc<\/h3>\n<p>Aday izleme sistemleri ile birlikte yapay zeka destekli CV tarama programlar\u0131 ve sosyal medya reklamlar\u0131, personel bulma \u00e7al\u0131\u015fmalar\u0131n\u0131 dijitalle\u015ftirmektedir. Geli\u015ftirilen otomatik \u00f6n eleme chatbot&#8217;u, adaylar\u0131n temel sorular\u0131n\u0131n cevaplamas\u0131na ve ilk a\u015famadan ge\u00e7mesine yard\u0131mc\u0131 olarak i\u015fe al\u0131m ekibinin stratejik g\u00f6revlere odaklamas\u0131n\u0131 sa\u011fl\u0131yoruz. Bu sayede ba\u015fvuru-g\u00f6r\u00fc\u015fme oran\u0131m\u0131z\u0131 %35 oran\u0131nda art\u0131r\u0131rken, aday memnuniyet puan\u0131m\u0131z\u0131 da y\u00fckseltmi\u015f oluyoruz.<\/p>\n<h3>Aday Deneyimi ve \u0130kna Stratejileri<\/h3>\n<p>\u015eeffaf ve h\u0131zl\u0131 bir \u015fekilde planlanlana se\u00e7im s\u00fcreci, yetenekli profesyonellerin teklifi kabul etme olas\u0131l\u0131\u011f\u0131n\u0131 belirlemektedir. Zaman\u0131nda geri bildirim sa\u011flayarak, esnek m\u00fclakat saatleri ve ki\u015fiselle\u015ftirilmi\u015f teklif paketleri ile beraber kay\u0131p oranlar\u0131n\u0131 minimum seviyeye indiriyoruz.<\/p>\n<p>Personel bulma, do\u011fru s\u00fcre\u00e7 ve teknoloji ile birle\u015fti\u011finde i\u015fletmelere sadece personel de\u011fil, s\u00fcrd\u00fcr\u00fclebilir rekabet avantaj\u0131 da sa\u011flamaktad\u0131r. Veri odakl\u0131 ve insan merkezli planlamalar\u0131m\u0131zla, m\u00fc\u015fterilerimizin b\u00fcy\u00fcme hedeflerine uyumlu personeli h\u0131zl\u0131 ve etkili bir \u015fekilde buluyor, \u015firket k\u00fclt\u00fcr\u00fcne de\u011fer katan uzun soluklu i\u015f birliktelerini in\u015fa ediyoruz. Gelece\u011fin esnek ve dijital i\u015f g\u00fcc\u00fc sayesinde bug\u00fcnden yat\u0131r\u0131m yaparak, ba\u015far\u0131n\u0131z\u0131 kal\u0131c\u0131 hale getiriyoruz.<\/p>\n<\/div><\/section><\/p><\/div>\n","protected":false},"excerpt":{"rendered":"","protected":false},"author":1,"featured_media":0,"parent":25,"menu_order":0,"comment_status":"closed","ping_status":"closed","template":"","meta":{"footnotes":""},"class_list":["post-142","page","type-page","status-publish","hentry"],"_links":{"self":[{"href":"https:\/\/gpdanismanlik.com.tr\/index.php?rest_route=\/wp\/v2\/pages\/142","targetHints":{"allow":["GET"]}}],"collection":[{"href":"https:\/\/gpdanismanlik.com.tr\/index.php?rest_route=\/wp\/v2\/pages"}],"about":[{"href":"https:\/\/gpdanismanlik.com.tr\/index.php?rest_route=\/wp\/v2\/types\/page"}],"author":[{"embeddable":true,"href":"https:\/\/gpdanismanlik.com.tr\/index.php?rest_route=\/wp\/v2\/users\/1"}],"replies":[{"embeddable":true,"href":"https:\/\/gpdanismanlik.com.tr\/index.php?rest_route=%2Fwp%2Fv2%2Fcomments&post=142"}],"version-history":[{"count":4,"href":"https:\/\/gpdanismanlik.com.tr\/index.php?rest_route=\/wp\/v2\/pages\/142\/revisions"}],"predecessor-version":[{"id":464,"href":"https:\/\/gpdanismanlik.com.tr\/index.php?rest_route=\/wp\/v2\/pages\/142\/revisions\/464"}],"up":[{"embeddable":true,"href":"https:\/\/gpdanismanlik.com.tr\/index.php?rest_route=\/wp\/v2\/pages\/25"}],"wp:attachment":[{"href":"https:\/\/gpdanismanlik.com.tr\/index.php?rest_route=%2Fwp%2Fv2%2Fmedia&parent=142"}],"curies":[{"name":"wp","href":"https:\/\/api.w.org\/{rel}","templated":true}]}}