{"id":144,"date":"2015-10-22T15:32:53","date_gmt":"2015-10-22T15:32:53","guid":{"rendered":"http:\/\/test.kriesi.at\/construction\/?page_id=144"},"modified":"2025-05-02T10:56:18","modified_gmt":"2025-05-02T07:56:18","slug":"performans-yonetimi","status":"publish","type":"page","link":"https:\/\/gpdanismanlik.com.tr\/?page_id=144","title":{"rendered":"Performans Y\u00f6netimi"},"content":{"rendered":"<div  class='avia-slideshow av-3a2xag-5eb6d9992809001c10aa6277bc24f2d5 avia-slideshow-featured_large av_slideshow avia-fade-slider  avia-builder-el-0  el_before_av_one_full  avia-builder-el-first  av-slideshow-ui av-control-hidden av-no-slider-navigation av-hide-nav-arrows av-slideshow-autoplay av-loop-endless av-loop-manual-endless av-default-height-applied avia-slideshow-1' data-slideshow-options=\"{&quot;animation&quot;:&quot;fade&quot;,&quot;autoplay&quot;:true,&quot;loop_autoplay&quot;:&quot;endless&quot;,&quot;interval&quot;:5,&quot;loop_manual&quot;:&quot;manual-endless&quot;,&quot;autoplay_stopper&quot;:false,&quot;noNavigation&quot;:true,&quot;bg_slider&quot;:false,&quot;keep_padding&quot;:false,&quot;hoverpause&quot;:false,&quot;show_slide_delay&quot;:0}\"  itemprop=\"image\" itemscope=\"itemscope\" itemtype=\"https:\/\/schema.org\/ImageObject\" ><ul class='avia-slideshow-inner ' style='padding-bottom: 37.988165680473%;'><li  class='avia-slideshow-slide av-3a2xag-5eb6d9992809001c10aa6277bc24f2d5__0  av-single-slide slide-1 slide-odd'><div data-rel='slideshow-1' class='avia-slide-wrap '   ><img decoding=\"async\" fetchpriority=\"high\" class=\"wp-image-316 avia-img-lazy-loading-not-316\"  src=\"https:\/\/gpdanismanlik.com.tr\/wp-content\/uploads\/2025\/04\/performans-yonetimi.webp\" width=\"845\" height=\"321\" title='performans y\u00f6netimi' alt='performans y\u00f6netimi'  itemprop=\"thumbnailUrl\" srcset=\"https:\/\/gpdanismanlik.com.tr\/wp-content\/uploads\/2025\/04\/performans-yonetimi.webp 845w, https:\/\/gpdanismanlik.com.tr\/wp-content\/uploads\/2025\/04\/performans-yonetimi-300x114.webp 300w, https:\/\/gpdanismanlik.com.tr\/wp-content\/uploads\/2025\/04\/performans-yonetimi-768x292.webp 768w, https:\/\/gpdanismanlik.com.tr\/wp-content\/uploads\/2025\/04\/performans-yonetimi-705x268.webp 705w\" sizes=\"(max-width: 845px) 100vw, 845px\" \/><\/div><\/li><\/ul><\/div>\n\n<style type=\"text\/css\" data-created_by=\"avia_inline_auto\" id=\"style-css-av-2jty00-76bf6489b2a1b39a6dd8ad7958ea2cbd\">\n#top .flex_column.av-2jty00-76bf6489b2a1b39a6dd8ad7958ea2cbd{\nmargin-top:0px;\nmargin-bottom:0px;\n}\n.flex_column.av-2jty00-76bf6489b2a1b39a6dd8ad7958ea2cbd{\nborder-radius:0px 0px 0px 0px;\npadding:0px 0px 0px 0px;\n}\n.responsive #top #wrap_all .flex_column.av-2jty00-76bf6489b2a1b39a6dd8ad7958ea2cbd{\nmargin-top:0px;\nmargin-bottom:0px;\n}\n<\/style>\n<div  class='flex_column av-2jty00-76bf6489b2a1b39a6dd8ad7958ea2cbd av_one_full  avia-builder-el-1  el_after_av_slideshow  avia-builder-el-last  first flex_column_div av-animated-generic bottom-to-top av-zero-column-padding  '     ><p>\n<style type=\"text\/css\" data-created_by=\"avia_inline_auto\" id=\"style-css-av-2h2ku8-fedc09b68f02027ae7daa3e8f6a7a959\">\n#top .av-special-heading.av-2h2ku8-fedc09b68f02027ae7daa3e8f6a7a959{\npadding-bottom:0;\n}\nbody .av-special-heading.av-2h2ku8-fedc09b68f02027ae7daa3e8f6a7a959 .av-special-heading-tag .heading-char{\nfont-size:25px;\n}\n.av-special-heading.av-2h2ku8-fedc09b68f02027ae7daa3e8f6a7a959 .av-subheading{\nfont-size:15px;\n}\n<\/style>\n<div  class='av-special-heading av-2h2ku8-fedc09b68f02027ae7daa3e8f6a7a959 av-special-heading-h1  avia-builder-el-2  el_before_av_hr  avia-builder-el-first '><h1 class='av-special-heading-tag '  itemprop=\"headline\"  >Performans Y\u00f6netimi<\/h1><div class=\"special-heading-border\"><div class=\"special-heading-inner-border\"><\/div><\/div><\/div><br \/>\n\n<style type=\"text\/css\" data-created_by=\"avia_inline_auto\" id=\"style-css-av-28mgjc-c4797cd4a6497b0cab110eb61e1d17e2\">\n#top .hr.av-28mgjc-c4797cd4a6497b0cab110eb61e1d17e2{\nmargin-top:10px;\nmargin-bottom:10px;\n}\n.hr.av-28mgjc-c4797cd4a6497b0cab110eb61e1d17e2 .hr-inner{\nwidth:50px;\nborder-color:#efbb20;\n}\n<\/style>\n<div  class='hr av-28mgjc-c4797cd4a6497b0cab110eb61e1d17e2 hr-custom  avia-builder-el-3  el_after_av_heading  el_before_av_textblock  hr-left hr-icon-no'><span class='hr-inner inner-border-av-border-fat'><span class=\"hr-inner-style\"><\/span><\/span><\/div><br \/>\n<section  class='av_textblock_section av-6ssm0-c3ba96e50b491e686de347758d6904d9 '   itemscope=\"itemscope\" itemtype=\"https:\/\/schema.org\/CreativeWork\" ><div class='avia_textblock'  itemprop=\"text\" ><h3>Hedef ve Yetkinlik Planlamas\u0131 Olu\u015fturulmas\u0131<\/h3>\n<p>Do\u011fru performans y\u00f6netimi, net tan\u0131mlanan organizasyonel stratejiler ile ba\u015flar. Pozisyon odakl\u0131 KPI ve OKR&#8217;ler tespit edilerek \u00e7al\u0131\u015fanlar\u0131n rol netli\u011fi sa\u011flan\u0131r. Profesyonel dan\u0131\u015fmanl\u0131k yakla\u015f\u0131m\u0131m\u0131z ile birlikte i\u015f g\u00fcc\u00fc planlamas\u0131n\u0131 yetkinlik matrisleri ile entegre ederek performans \u00f6l\u00e7\u00fcm\u00fcn\u00fc objektif ve \u015feffaf bir \u015fekilde sunuyoruz.<\/p>\n<h2>Veri Odakl\u0131 Performans \u00d6l\u00e7\u00fcm\u00fc<\/h2>\n<p>Bulut tabanl\u0131 insan kaynaklar\u0131 analitik \u00e7\u00f6z\u00fcmleri ile birlikte, performans verilerini ger\u00e7ek zamanl\u0131 olarak sunuyoruz. Yapay zeka destekli analizler ile birlikte d\u00fc\u015f\u00fck performans riskini erken tespit ederek bu y\u00f6nde aksiyon al\u0131nmas\u0131n\u0131 sa\u011fl\u0131yoruz. Bu sayede y\u00fcksek potansiyel \u00e7al\u0131\u015fanlar\u0131n geli\u015fim planlar\u0131 isabetli bir \u015fekilde planlan\u0131r.<\/p>\n<h3>Geli\u015fim ve \u00d6d\u00fcllendirme Entegrasyonu<\/h3>\n<p>Performans y\u00f6netimi, kariyer geli\u015fim planlar\u0131 ve \u00f6d\u00fcl-prim sistemleri entegre edilerek s\u00fcrd\u00fcr\u00fclebilir ba\u015far\u0131 getirmektedir. Mentorluk programlar\u0131, e\u011fitim planlamas\u0131 ve yetenek y\u00f6netimi, \u00e7al\u0131\u015fanlar\u0131n hem teknik hem de davran\u0131\u015fsal yetkinliklerini art\u0131rmaya yard\u0131mc\u0131 olur. Performansla ili\u015fkili esnek yan hak paketleri, i\u015fveren markalar\u0131n\u0131n g\u00fc\u00e7lenmesine yard\u0131mc\u0131 olur.<\/p>\n<h3>Rekabet Avantaj\u0131<\/h3>\n<p>Dan\u0131\u015fmanl\u0131k deste\u011fi ile performans y\u00f6netimi s\u00fcreci, operasyonel verimlili\u011fini y\u00fckseltmeye yard\u0131mc\u0131 olur. \u015eeffaf \u00f6l\u00e7\u00fcm, do\u011fru geri bildirim ve hedef odakl\u0131 geli\u015fim ile i\u015fletmelerin nitelikli yetenekleri elde tutma, \u00e7al\u0131\u015fan motivasyonun artmas\u0131 ve uzun vadeli rekabet \u00fcst\u00fcnl\u00fc\u011f\u00fc sa\u011flama avantaj\u0131 sa\u011flar.<\/p>\n<\/div><\/section><\/p><\/div>\n","protected":false},"excerpt":{"rendered":"","protected":false},"author":1,"featured_media":0,"parent":25,"menu_order":0,"comment_status":"closed","ping_status":"closed","template":"","meta":{"footnotes":""},"class_list":["post-144","page","type-page","status-publish","hentry"],"_links":{"self":[{"href":"https:\/\/gpdanismanlik.com.tr\/index.php?rest_route=\/wp\/v2\/pages\/144","targetHints":{"allow":["GET"]}}],"collection":[{"href":"https:\/\/gpdanismanlik.com.tr\/index.php?rest_route=\/wp\/v2\/pages"}],"about":[{"href":"https:\/\/gpdanismanlik.com.tr\/index.php?rest_route=\/wp\/v2\/types\/page"}],"author":[{"embeddable":true,"href":"https:\/\/gpdanismanlik.com.tr\/index.php?rest_route=\/wp\/v2\/users\/1"}],"replies":[{"embeddable":true,"href":"https:\/\/gpdanismanlik.com.tr\/index.php?rest_route=%2Fwp%2Fv2%2Fcomments&post=144"}],"version-history":[{"count":4,"href":"https:\/\/gpdanismanlik.com.tr\/index.php?rest_route=\/wp\/v2\/pages\/144\/revisions"}],"predecessor-version":[{"id":463,"href":"https:\/\/gpdanismanlik.com.tr\/index.php?rest_route=\/wp\/v2\/pages\/144\/revisions\/463"}],"up":[{"embeddable":true,"href":"https:\/\/gpdanismanlik.com.tr\/index.php?rest_route=\/wp\/v2\/pages\/25"}],"wp:attachment":[{"href":"https:\/\/gpdanismanlik.com.tr\/index.php?rest_route=%2Fwp%2Fv2%2Fmedia&parent=144"}],"curies":[{"name":"wp","href":"https:\/\/api.w.org\/{rel}","templated":true}]}}