{"id":23,"date":"2015-10-15T15:32:40","date_gmt":"2015-10-15T15:32:40","guid":{"rendered":"http:\/\/wpoffice\/construction\/?page_id=23"},"modified":"2025-05-02T09:06:10","modified_gmt":"2025-05-02T06:06:10","slug":"iletisim","status":"publish","type":"page","link":"https:\/\/gpdanismanlik.com.tr\/?page_id=23","title":{"rendered":"\u0130leti\u015fim"},"content":{"rendered":"\n\n<style type=\"text\/css\" data-created_by=\"avia_inline_auto\" id=\"style-css-av-9b2in-9604b97fc41129e82bd3629bbb3e0a91\">\n.flex_column.av-9b2in-9604b97fc41129e82bd3629bbb3e0a91{\nborder-radius:0px 0px 0px 0px;\npadding:0px 0px 0px 0px;\n}\n<\/style>\n<div  class='flex_column av-9b2in-9604b97fc41129e82bd3629bbb3e0a91 av_one_full  avia-builder-el-1  el_after_av_google_map  avia-builder-el-no-sibling  first flex_column_div av-animated-generic bottom-to-top av-zero-column-padding  '     ><p>\n<style type=\"text\/css\" data-created_by=\"avia_inline_auto\" id=\"style-css-av-8h1cf-bbe59e9ff8b877c3eb8bfc12acd91418\">\n#top .av-special-heading.av-8h1cf-bbe59e9ff8b877c3eb8bfc12acd91418{\npadding-bottom:0;\n}\nbody .av-special-heading.av-8h1cf-bbe59e9ff8b877c3eb8bfc12acd91418 .av-special-heading-tag .heading-char{\nfont-size:25px;\n}\n.av-special-heading.av-8h1cf-bbe59e9ff8b877c3eb8bfc12acd91418 .av-subheading{\nfont-size:15px;\n}\n<\/style>\n<div  class='av-special-heading av-8h1cf-bbe59e9ff8b877c3eb8bfc12acd91418 av-special-heading-h1 blockquote modern-quote modern-centered  avia-builder-el-2  el_before_av_hr  avia-builder-el-first '><h1 class='av-special-heading-tag '  itemprop=\"headline\"  >\u0130leti\u015fim Bilgilerimiz<\/h1><div class=\"special-heading-border\"><div class=\"special-heading-inner-border\"><\/div><\/div><\/div><br \/>\n\n<style type=\"text\/css\" data-created_by=\"avia_inline_auto\" id=\"style-css-av-7ww6v-c7f97f71b4120de66f3624eead5c2c31\">\n#top .hr.av-7ww6v-c7f97f71b4120de66f3624eead5c2c31{\nmargin-top:10px;\nmargin-bottom:10px;\n}\n.hr.av-7ww6v-c7f97f71b4120de66f3624eead5c2c31 .hr-inner{\nwidth:50px;\nborder-color:#efbb20;\n}\n<\/style>\n<div  class='hr av-7ww6v-c7f97f71b4120de66f3624eead5c2c31 hr-custom  avia-builder-el-3  el_after_av_heading  el_before_av_textblock  hr-center hr-icon-no'><span class='hr-inner inner-border-av-border-fat'><span class=\"hr-inner-style\"><\/span><\/span><\/div><br \/>\n<section  class='av_textblock_section av-2pjr-1e858d85080bb52596a9629e604aac5a '   itemscope=\"itemscope\" itemtype=\"https:\/\/schema.org\/CreativeWork\" ><div class='avia_textblock'  itemprop=\"text\" ><p style=\"text-align: center;\"><strong>Adres:<\/strong><br \/>\n\u2026. \u0130zmir<\/p>\n<p style=\"text-align: center;\"><strong>E-Posta:<\/strong><br \/>\ninfo@gpdanismanlik.com.tr<\/p>\n<p style=\"text-align: center;\"><strong>Telefon:<\/strong><br \/>\n0 553 901 35 30<\/p>\n<p style=\"text-align: center;\"><strong>\u00c7al\u0131\u015fma Saatlerimiz:<\/strong><br \/>\nHafta i\u00e7i: 09.00 \u2013 18.00<br \/>\nCumartesi: 09.00 \u2013 18.00<br \/>\nPazar: Kapal\u0131<\/p>\n<\/div><\/section><\/p><\/div>\n","protected":false},"excerpt":{"rendered":"","protected":false},"author":1,"featured_media":0,"parent":0,"menu_order":0,"comment_status":"closed","ping_status":"closed","template":"","meta":{"footnotes":""},"class_list":["post-23","page","type-page","status-publish","hentry"],"_links":{"self":[{"href":"https:\/\/gpdanismanlik.com.tr\/index.php?rest_route=\/wp\/v2\/pages\/23","targetHints":{"allow":["GET"]}}],"collection":[{"href":"https:\/\/gpdanismanlik.com.tr\/index.php?rest_route=\/wp\/v2\/pages"}],"about":[{"href":"https:\/\/gpdanismanlik.com.tr\/index.php?rest_route=\/wp\/v2\/types\/page"}],"author":[{"embeddable":true,"href":"https:\/\/gpdanismanlik.com.tr\/index.php?rest_route=\/wp\/v2\/users\/1"}],"replies":[{"embeddable":true,"href":"https:\/\/gpdanismanlik.com.tr\/index.php?rest_route=%2Fwp%2Fv2%2Fcomments&post=23"}],"version-history":[{"count":17,"href":"https:\/\/gpdanismanlik.com.tr\/index.php?rest_route=\/wp\/v2\/pages\/23\/revisions"}],"predecessor-version":[{"id":449,"href":"https:\/\/gpdanismanlik.com.tr\/index.php?rest_route=\/wp\/v2\/pages\/23\/revisions\/449"}],"wp:attachment":[{"href":"https:\/\/gpdanismanlik.com.tr\/index.php?rest_route=%2Fwp%2Fv2%2Fmedia&parent=23"}],"curies":[{"name":"wp","href":"https:\/\/api.w.org\/{rel}","templated":true}]}}