{"id":25,"date":"2015-10-15T15:32:49","date_gmt":"2015-10-15T15:32:49","guid":{"rendered":"http:\/\/wpoffice\/construction\/?page_id=25"},"modified":"2025-04-26T11:00:42","modified_gmt":"2025-04-26T08:00:42","slug":"hizmetlerimiz","status":"publish","type":"page","link":"https:\/\/gpdanismanlik.com.tr\/?page_id=25","title":{"rendered":"Hizmetlerimiz"},"content":{"rendered":"\n<style type=\"text\/css\" data-created_by=\"avia_inline_auto\" id=\"style-css-av-6z6d-bc7fbc77c74003cdec7a09ff030d443d\">\n#top .av-special-heading.av-6z6d-bc7fbc77c74003cdec7a09ff030d443d{\npadding-bottom:0;\n}\nbody .av-special-heading.av-6z6d-bc7fbc77c74003cdec7a09ff030d443d .av-special-heading-tag .heading-char{\nfont-size:25px;\n}\n.av-special-heading.av-6z6d-bc7fbc77c74003cdec7a09ff030d443d .av-subheading{\nfont-size:15px;\n}\n<\/style>\n<div  class='av-special-heading av-6z6d-bc7fbc77c74003cdec7a09ff030d443d av-special-heading-h1 blockquote modern-quote modern-centered  avia-builder-el-0  el_before_av_hr  avia-builder-el-first '><h1 class='av-special-heading-tag '  itemprop=\"headline\"  >Hizmetlerimiz<\/h1><div class=\"special-heading-border\"><div class=\"special-heading-inner-border\"><\/div><\/div><\/div>\n\n<style type=\"text\/css\" data-created_by=\"avia_inline_auto\" id=\"style-css-av-ivc1d-ef4cf343d78cce129a7853d41db53afb\">\n#top .hr.av-ivc1d-ef4cf343d78cce129a7853d41db53afb{\nmargin-top:5px;\nmargin-bottom:35px;\n}\n.hr.av-ivc1d-ef4cf343d78cce129a7853d41db53afb .hr-inner{\nwidth:50px;\nborder-color:#efbb20;\n}\n<\/style>\n<div  class='hr av-ivc1d-ef4cf343d78cce129a7853d41db53afb hr-custom  avia-builder-el-1  el_after_av_heading  el_before_av_one_half  hr-center hr-icon-no'><span class='hr-inner inner-border-av-border-fat'><span class=\"hr-inner-style\"><\/span><\/span><\/div>\n\n<style type=\"text\/css\" data-created_by=\"avia_inline_auto\" id=\"style-css-av-1ttdx-8f5765c0821885e4ac3971a8fd7524d0\">\n.flex_column.av-1ttdx-8f5765c0821885e4ac3971a8fd7524d0{\nborder-radius:0px 0px 0px 0px;\npadding:0px 0px 0px 0px;\n}\n<\/style>\n<div  class='flex_column av-1ttdx-8f5765c0821885e4ac3971a8fd7524d0 av_one_half  avia-builder-el-2  el_after_av_hr  el_before_av_one_half  first flex_column_div av-animated-generic bottom-to-top av-zero-column-padding  '     ><p>\n<style type=\"text\/css\" data-created_by=\"avia_inline_auto\" id=\"style-css-av-hs3m5-328740e2a1e49b8e22f081e801c5006f\">\n.avia-image-container.av-hs3m5-328740e2a1e49b8e22f081e801c5006f img.avia_image{\nbox-shadow:none;\n}\n.avia-image-container.av-hs3m5-328740e2a1e49b8e22f081e801c5006f .av-image-caption-overlay-center{\ncolor:#ffffff;\n}\n<\/style>\n<div  class='avia-image-container av-hs3m5-328740e2a1e49b8e22f081e801c5006f av-styling-no-styling av-img-linked avia-align-center  avia-builder-el-3  el_before_av_heading  avia-builder-el-first '   itemprop=\"image\" itemscope=\"itemscope\" itemtype=\"https:\/\/schema.org\/ImageObject\" ><div class=\"avia-image-container-inner\"><div class=\"avia-image-overlay-wrap\"><a href=\"https:\/\/gpdanismanlik.com.tr\/?page_id=113\" class='avia_image '  aria-label='bordro \u00fccret y\u00f6netimi'><img decoding=\"async\" fetchpriority=\"high\" class='wp-image-307 avia-img-lazy-loading-not-307 avia_image ' src=\"https:\/\/gpdanismanlik.com.tr\/wp-content\/uploads\/2025\/04\/bordro-ucret-yonetimi-1.webp\" alt='bordro \u00fccret y\u00f6netimi' title='bordro \u00fccret y\u00f6netimi'  height=\"321\" width=\"845\"  itemprop=\"thumbnailUrl\" srcset=\"https:\/\/gpdanismanlik.com.tr\/wp-content\/uploads\/2025\/04\/bordro-ucret-yonetimi-1.webp 845w, https:\/\/gpdanismanlik.com.tr\/wp-content\/uploads\/2025\/04\/bordro-ucret-yonetimi-1-300x114.webp 300w, https:\/\/gpdanismanlik.com.tr\/wp-content\/uploads\/2025\/04\/bordro-ucret-yonetimi-1-768x292.webp 768w, https:\/\/gpdanismanlik.com.tr\/wp-content\/uploads\/2025\/04\/bordro-ucret-yonetimi-1-705x268.webp 705w\" sizes=\"(max-width: 845px) 100vw, 845px\" \/><\/a><\/div><\/div><\/div><br \/>\n\n<style type=\"text\/css\" data-created_by=\"avia_inline_auto\" id=\"style-css-av-h4wfh-9f3a1416d3ddc11bef6ad71559545bc7\">\n#top .av-special-heading.av-h4wfh-9f3a1416d3ddc11bef6ad71559545bc7{\npadding-bottom:0;\n}\nbody .av-special-heading.av-h4wfh-9f3a1416d3ddc11bef6ad71559545bc7 .av-special-heading-tag .heading-char{\nfont-size:25px;\n}\n.av-special-heading.av-h4wfh-9f3a1416d3ddc11bef6ad71559545bc7 .av-subheading{\nfont-size:15px;\n}\n<\/style>\n<div  class='av-special-heading av-h4wfh-9f3a1416d3ddc11bef6ad71559545bc7 av-special-heading-h3 blockquote modern-quote  avia-builder-el-4  el_after_av_image  el_before_av_hr '><h3 class='av-special-heading-tag '  itemprop=\"headline\"  >Bordro <span class='special_amp'>&amp;<\/span> \u00dccret Y\u00f6netimi<\/h3><div class=\"special-heading-border\"><div class=\"special-heading-inner-border\"><\/div><\/div><\/div><br \/>\n\n<style type=\"text\/css\" data-created_by=\"avia_inline_auto\" id=\"style-css-av-1mdk9-4ab0b147e58aca019e9ed7ce8dd69be5\">\n#top .hr.av-1mdk9-4ab0b147e58aca019e9ed7ce8dd69be5{\nmargin-top:10px;\nmargin-bottom:10px;\n}\n.hr.av-1mdk9-4ab0b147e58aca019e9ed7ce8dd69be5 .hr-inner{\nwidth:50px;\nborder-color:#efbb20;\n}\n<\/style>\n<div  class='hr av-1mdk9-4ab0b147e58aca019e9ed7ce8dd69be5 hr-custom  avia-builder-el-5  el_after_av_heading  el_before_av_textblock  hr-left hr-icon-no'><span class='hr-inner inner-border-av-border-fat'><span class=\"hr-inner-style\"><\/span><\/span><\/div><br \/>\n<section  class='av_textblock_section av-fpzpp-a29d71f923be25cd286ef0a6ac6be2ff '   itemscope=\"itemscope\" itemtype=\"https:\/\/schema.org\/CreativeWork\" ><div class='avia_textblock'  itemprop=\"text\" ><p>Lorem ipsum dolor sit amet, consectetuer adipiscing elit. Aenean commodo ligula eget dolor. Aenean massa.<\/p>\n<\/div><\/section><\/p><\/div>\n\n<style type=\"text\/css\" data-created_by=\"avia_inline_auto\" id=\"style-css-av-f1cit-e05775585a7e59d23997920a560fe387\">\n.flex_column.av-f1cit-e05775585a7e59d23997920a560fe387{\nborder-radius:0px 0px 0px 0px;\npadding:0px 0px 0px 0px;\n}\n<\/style>\n<div  class='flex_column av-f1cit-e05775585a7e59d23997920a560fe387 av_one_half  avia-builder-el-7  el_after_av_one_half  el_before_av_one_half  flex_column_div av-animated-generic bottom-to-top av-zero-column-padding  '     ><p>\n<style type=\"text\/css\" data-created_by=\"avia_inline_auto\" id=\"style-css-av-erm4x-f669115660181e0efcebcb5ae0e5f4e6\">\n.avia-image-container.av-erm4x-f669115660181e0efcebcb5ae0e5f4e6 img.avia_image{\nbox-shadow:none;\n}\n.avia-image-container.av-erm4x-f669115660181e0efcebcb5ae0e5f4e6 .av-image-caption-overlay-center{\ncolor:#ffffff;\n}\n<\/style>\n<div  class='avia-image-container av-erm4x-f669115660181e0efcebcb5ae0e5f4e6 av-styling-no-styling av-img-linked avia-align-center  avia-builder-el-8  el_before_av_heading  avia-builder-el-first '   itemprop=\"image\" itemscope=\"itemscope\" itemtype=\"https:\/\/schema.org\/ImageObject\" ><div class=\"avia-image-container-inner\"><div class=\"avia-image-overlay-wrap\"><a href=\"https:\/\/gpdanismanlik.com.tr\/?page_id=135\" class='avia_image '  aria-label='e\u011fitim, geli\u015fim'><img decoding=\"async\" fetchpriority=\"high\" class='wp-image-312 avia-img-lazy-loading-not-312 avia_image ' src=\"https:\/\/gpdanismanlik.com.tr\/wp-content\/uploads\/2025\/04\/egitim-gelisim-1.webp\" alt='e\u011fitim, geli\u015fim' title='e\u011fitim, geli\u015fim'  height=\"321\" width=\"845\"  itemprop=\"thumbnailUrl\" srcset=\"https:\/\/gpdanismanlik.com.tr\/wp-content\/uploads\/2025\/04\/egitim-gelisim-1.webp 845w, https:\/\/gpdanismanlik.com.tr\/wp-content\/uploads\/2025\/04\/egitim-gelisim-1-300x114.webp 300w, https:\/\/gpdanismanlik.com.tr\/wp-content\/uploads\/2025\/04\/egitim-gelisim-1-768x292.webp 768w, https:\/\/gpdanismanlik.com.tr\/wp-content\/uploads\/2025\/04\/egitim-gelisim-1-705x268.webp 705w\" sizes=\"(max-width: 845px) 100vw, 845px\" \/><\/a><\/div><\/div><\/div><br \/>\n\n<style type=\"text\/css\" data-created_by=\"avia_inline_auto\" id=\"style-css-av-dtogd-0ef2d61efa0197cb17f8528e6b210bb2\">\n#top .av-special-heading.av-dtogd-0ef2d61efa0197cb17f8528e6b210bb2{\npadding-bottom:0;\n}\nbody .av-special-heading.av-dtogd-0ef2d61efa0197cb17f8528e6b210bb2 .av-special-heading-tag .heading-char{\nfont-size:25px;\n}\n.av-special-heading.av-dtogd-0ef2d61efa0197cb17f8528e6b210bb2 .av-subheading{\nfont-size:15px;\n}\n<\/style>\n<div  class='av-special-heading av-dtogd-0ef2d61efa0197cb17f8528e6b210bb2 av-special-heading-h3 blockquote modern-quote  avia-builder-el-9  el_after_av_image  el_before_av_hr '><h3 class='av-special-heading-tag '  itemprop=\"headline\"  >E\u011fitim <span class='special_amp'>&amp;<\/span> Geli\u015fim<\/h3><div class=\"special-heading-border\"><div class=\"special-heading-inner-border\"><\/div><\/div><\/div><br \/>\n\n<style type=\"text\/css\" data-created_by=\"avia_inline_auto\" id=\"style-css-av-d7s9d-3b05808d6e45ebf62d732554166d3c24\">\n#top .hr.av-d7s9d-3b05808d6e45ebf62d732554166d3c24{\nmargin-top:10px;\nmargin-bottom:10px;\n}\n.hr.av-d7s9d-3b05808d6e45ebf62d732554166d3c24 .hr-inner{\nwidth:50px;\nborder-color:#efbb20;\n}\n<\/style>\n<div  class='hr av-d7s9d-3b05808d6e45ebf62d732554166d3c24 hr-custom  avia-builder-el-10  el_after_av_heading  el_before_av_textblock  hr-left hr-icon-no'><span class='hr-inner inner-border-av-border-fat'><span class=\"hr-inner-style\"><\/span><\/span><\/div><br \/>\n<section  class='av_textblock_section av-cyh2p-acc0dbe91fbda4e69be61ae8274910a4 '   itemscope=\"itemscope\" itemtype=\"https:\/\/schema.org\/CreativeWork\" ><div class='avia_textblock'  itemprop=\"text\" ><p>Lorem ipsum dolor sit amet, consectetuer adipiscing elit. Aenean commodo ligula eget dolor. Aenean massa.<\/p>\n<\/div><\/section><\/p><\/div>\n<style type=\"text\/css\" data-created_by=\"avia_inline_auto\" id=\"style-css-av-cbefx-3f9a65cfd0c8cb72198bc6bbba663701\">\n.flex_column.av-cbefx-3f9a65cfd0c8cb72198bc6bbba663701{\nborder-radius:0px 0px 0px 0px;\npadding:0px 0px 0px 0px;\n}\n<\/style>\n<div  class='flex_column av-cbefx-3f9a65cfd0c8cb72198bc6bbba663701 av_one_half  avia-builder-el-12  el_after_av_one_half  el_before_av_one_half  first flex_column_div av-animated-generic bottom-to-top av-zero-column-padding  column-top-margin'     ><p>\n<style type=\"text\/css\" data-created_by=\"avia_inline_auto\" id=\"style-css-av-bly09-8262d4931295a510ec3681dae34c3f7b\">\n.avia-image-container.av-bly09-8262d4931295a510ec3681dae34c3f7b img.avia_image{\nbox-shadow:none;\n}\n.avia-image-container.av-bly09-8262d4931295a510ec3681dae34c3f7b .av-image-caption-overlay-center{\ncolor:#ffffff;\n}\n<\/style>\n<div  class='avia-image-container av-bly09-8262d4931295a510ec3681dae34c3f7b av-styling-no-styling av-img-linked avia-align-center  avia-builder-el-13  el_before_av_heading  avia-builder-el-first '   itemprop=\"image\" itemscope=\"itemscope\" itemtype=\"https:\/\/schema.org\/ImageObject\" ><div class=\"avia-image-container-inner\"><div class=\"avia-image-overlay-wrap\"><img decoding=\"async\" fetchpriority=\"high\" class='wp-image-314 avia-img-lazy-loading-not-314 avia_image ' src=\"https:\/\/gpdanismanlik.com.tr\/wp-content\/uploads\/2025\/04\/ise-alim-yetenek-yonetimi-1.webp\" alt='i\u015fe al\u0131m, yetenek y\u00f6netimi' title='i\u015fe al\u0131m, yetenek y\u00f6netimi'  height=\"321\" width=\"845\"  itemprop=\"thumbnailUrl\" srcset=\"https:\/\/gpdanismanlik.com.tr\/wp-content\/uploads\/2025\/04\/ise-alim-yetenek-yonetimi-1.webp 845w, https:\/\/gpdanismanlik.com.tr\/wp-content\/uploads\/2025\/04\/ise-alim-yetenek-yonetimi-1-300x114.webp 300w, https:\/\/gpdanismanlik.com.tr\/wp-content\/uploads\/2025\/04\/ise-alim-yetenek-yonetimi-1-768x292.webp 768w, https:\/\/gpdanismanlik.com.tr\/wp-content\/uploads\/2025\/04\/ise-alim-yetenek-yonetimi-1-705x268.webp 705w\" sizes=\"(max-width: 845px) 100vw, 845px\" \/><\/div><\/div><\/div><br \/>\n\n<style type=\"text\/css\" data-created_by=\"avia_inline_auto\" id=\"style-css-av-aww01-283ba3e24d9d714d96a5620519dcec7f\">\n#top .av-special-heading.av-aww01-283ba3e24d9d714d96a5620519dcec7f{\npadding-bottom:0;\n}\nbody .av-special-heading.av-aww01-283ba3e24d9d714d96a5620519dcec7f .av-special-heading-tag .heading-char{\nfont-size:25px;\n}\n.av-special-heading.av-aww01-283ba3e24d9d714d96a5620519dcec7f .av-subheading{\nfont-size:15px;\n}\n<\/style>\n<div  class='av-special-heading av-aww01-283ba3e24d9d714d96a5620519dcec7f av-special-heading-h3 blockquote modern-quote  avia-builder-el-14  el_after_av_image  el_before_av_hr '><h3 class='av-special-heading-tag '  itemprop=\"headline\"  >\u0130\u015fe Al\u0131m <span class='special_amp'>&amp;<\/span> Yetenek Y\u00f6netimi<\/h3><div class=\"special-heading-border\"><div class=\"special-heading-inner-border\"><\/div><\/div><\/div><br \/>\n\n<style type=\"text\/css\" data-created_by=\"avia_inline_auto\" id=\"style-css-av-a87f5-ec2bc3b867f2a7531dbfeb5bb67d3b76\">\n#top .hr.av-a87f5-ec2bc3b867f2a7531dbfeb5bb67d3b76{\nmargin-top:10px;\nmargin-bottom:10px;\n}\n.hr.av-a87f5-ec2bc3b867f2a7531dbfeb5bb67d3b76 .hr-inner{\nwidth:50px;\nborder-color:#efbb20;\n}\n<\/style>\n<div  class='hr av-a87f5-ec2bc3b867f2a7531dbfeb5bb67d3b76 hr-custom  avia-builder-el-15  el_after_av_heading  el_before_av_textblock  hr-left hr-icon-no'><span class='hr-inner inner-border-av-border-fat'><span class=\"hr-inner-style\"><\/span><\/span><\/div><br \/>\n<section  class='av_textblock_section av-9trqt-dd5bb99605d0f75ecf7a1b8a46ccd1c3 '   itemscope=\"itemscope\" itemtype=\"https:\/\/schema.org\/CreativeWork\" ><div class='avia_textblock'  itemprop=\"text\" ><p>Lorem ipsum dolor sit amet, consectetuer adipiscing elit. Aenean commodo ligula eget dolor. Aenean massa.<\/p>\n<\/div><\/section><\/p><\/div>\n<style type=\"text\/css\" data-created_by=\"avia_inline_auto\" id=\"style-css-av-998s1-b82f16caf113d80af8ca2c98ed02b675\">\n.flex_column.av-998s1-b82f16caf113d80af8ca2c98ed02b675{\nborder-radius:0px 0px 0px 0px;\npadding:0px 0px 0px 0px;\n}\n<\/style>\n<div  class='flex_column av-998s1-b82f16caf113d80af8ca2c98ed02b675 av_one_half  avia-builder-el-17  el_after_av_one_half  el_before_av_one_half  flex_column_div av-animated-generic bottom-to-top av-zero-column-padding  column-top-margin'     ><p>\n<style type=\"text\/css\" data-created_by=\"avia_inline_auto\" id=\"style-css-av-8jdg9-ffb7ffc134fb87f23373a7f7e66d8d9e\">\n.avia-image-container.av-8jdg9-ffb7ffc134fb87f23373a7f7e66d8d9e img.avia_image{\nbox-shadow:none;\n}\n.avia-image-container.av-8jdg9-ffb7ffc134fb87f23373a7f7e66d8d9e .av-image-caption-overlay-center{\ncolor:#ffffff;\n}\n<\/style>\n<div  class='avia-image-container av-8jdg9-ffb7ffc134fb87f23373a7f7e66d8d9e av-styling-no-styling av-img-linked avia-align-center  avia-builder-el-18  el_before_av_heading  avia-builder-el-first '   itemprop=\"image\" itemscope=\"itemscope\" itemtype=\"https:\/\/schema.org\/ImageObject\" ><div class=\"avia-image-container-inner\"><div class=\"avia-image-overlay-wrap\"><a href=\"https:\/\/gpdanismanlik.com.tr\/\" class='avia_image '  aria-label='performans y\u00f6netimi'><img decoding=\"async\" fetchpriority=\"high\" class='wp-image-316 avia-img-lazy-loading-not-316 avia_image ' src=\"https:\/\/gpdanismanlik.com.tr\/wp-content\/uploads\/2025\/04\/performans-yonetimi.webp\" alt='performans y\u00f6netimi' title='performans y\u00f6netimi'  height=\"321\" width=\"845\"  itemprop=\"thumbnailUrl\" srcset=\"https:\/\/gpdanismanlik.com.tr\/wp-content\/uploads\/2025\/04\/performans-yonetimi.webp 845w, https:\/\/gpdanismanlik.com.tr\/wp-content\/uploads\/2025\/04\/performans-yonetimi-300x114.webp 300w, https:\/\/gpdanismanlik.com.tr\/wp-content\/uploads\/2025\/04\/performans-yonetimi-768x292.webp 768w, https:\/\/gpdanismanlik.com.tr\/wp-content\/uploads\/2025\/04\/performans-yonetimi-705x268.webp 705w\" sizes=\"(max-width: 845px) 100vw, 845px\" \/><\/a><\/div><\/div><\/div><br \/>\n\n<style type=\"text\/css\" data-created_by=\"avia_inline_auto\" id=\"style-css-av-7xjf1-a82ddbb9b04b15ffde42b583a94352a4\">\n#top .av-special-heading.av-7xjf1-a82ddbb9b04b15ffde42b583a94352a4{\npadding-bottom:0;\n}\nbody .av-special-heading.av-7xjf1-a82ddbb9b04b15ffde42b583a94352a4 .av-special-heading-tag .heading-char{\nfont-size:25px;\n}\n.av-special-heading.av-7xjf1-a82ddbb9b04b15ffde42b583a94352a4 .av-subheading{\nfont-size:15px;\n}\n<\/style>\n<div  class='av-special-heading av-7xjf1-a82ddbb9b04b15ffde42b583a94352a4 av-special-heading-h3 blockquote modern-quote  avia-builder-el-19  el_after_av_image  el_before_av_hr '><h3 class='av-special-heading-tag '  itemprop=\"headline\"  >Performans Y\u00f6netimi<\/h3><div class=\"special-heading-border\"><div class=\"special-heading-inner-border\"><\/div><\/div><\/div><br \/>\n\n<style type=\"text\/css\" data-created_by=\"avia_inline_auto\" id=\"style-css-av-7af5x-c5bfba83152ce6a9db24a750aedc79de\">\n#top .hr.av-7af5x-c5bfba83152ce6a9db24a750aedc79de{\nmargin-top:10px;\nmargin-bottom:10px;\n}\n.hr.av-7af5x-c5bfba83152ce6a9db24a750aedc79de .hr-inner{\nwidth:50px;\nborder-color:#efbb20;\n}\n<\/style>\n<div  class='hr av-7af5x-c5bfba83152ce6a9db24a750aedc79de hr-custom  avia-builder-el-20  el_after_av_heading  el_before_av_textblock  hr-left hr-icon-no'><span class='hr-inner inner-border-av-border-fat'><span class=\"hr-inner-style\"><\/span><\/span><\/div><br \/>\n<section  class='av_textblock_section av-6qoa9-f458368c1540fcc62aecd3902437b029 '   itemscope=\"itemscope\" itemtype=\"https:\/\/schema.org\/CreativeWork\" ><div class='avia_textblock'  itemprop=\"text\" ><p>Lorem ipsum dolor sit amet, consectetuer adipiscing elit. Aenean commodo ligula eget dolor. Aenean massa.<\/p>\n<\/div><\/section><\/p><\/div>\n<style type=\"text\/css\" data-created_by=\"avia_inline_auto\" id=\"style-css-av-63cut-c50ca3d86756d94bddee7d14f920d3ef\">\n.flex_column.av-63cut-c50ca3d86756d94bddee7d14f920d3ef{\nborder-radius:0px 0px 0px 0px;\npadding:0px 0px 0px 0px;\n}\n<\/style>\n<div  class='flex_column av-63cut-c50ca3d86756d94bddee7d14f920d3ef av_one_half  avia-builder-el-22  el_after_av_one_half  el_before_av_one_half  first flex_column_div av-animated-generic bottom-to-top av-zero-column-padding  column-top-margin'     ><p>\n<style type=\"text\/css\" data-created_by=\"avia_inline_auto\" id=\"style-css-av-5tlp5-c1e4bdb049c18fc081132a74cfd5b92c\">\n.avia-image-container.av-5tlp5-c1e4bdb049c18fc081132a74cfd5b92c img.avia_image{\nbox-shadow:none;\n}\n.avia-image-container.av-5tlp5-c1e4bdb049c18fc081132a74cfd5b92c .av-image-caption-overlay-center{\ncolor:#ffffff;\n}\n<\/style>\n<div  class='avia-image-container av-5tlp5-c1e4bdb049c18fc081132a74cfd5b92c av-styling-no-styling av-img-linked avia-align-center  avia-builder-el-23  el_before_av_heading  avia-builder-el-first '   itemprop=\"image\" itemscope=\"itemscope\" itemtype=\"https:\/\/schema.org\/ImageObject\" ><div class=\"avia-image-container-inner\"><div class=\"avia-image-overlay-wrap\"><a href=\"https:\/\/gpdanismanlik.com.tr\/?page_id=142\" class='avia_image '  ><img decoding=\"async\" fetchpriority=\"high\" class='wp-image- avia-img-lazy-loading-not- avia_image ' src=\"http:\/\/test.kriesi.at\/construction\/wp-content\/uploads\/sites\/7\/2015\/10\/modern-home-845x321.jpg\" alt='' title=''   itemprop=\"thumbnailUrl\"  \/><\/a><\/div><\/div><\/div><br \/>\n\n<style type=\"text\/css\" data-created_by=\"avia_inline_auto\" id=\"style-css-av-57ovx-73f4eb30fb05e4418a018706edc1853b\">\n#top .av-special-heading.av-57ovx-73f4eb30fb05e4418a018706edc1853b{\npadding-bottom:0;\n}\nbody .av-special-heading.av-57ovx-73f4eb30fb05e4418a018706edc1853b .av-special-heading-tag .heading-char{\nfont-size:25px;\n}\n.av-special-heading.av-57ovx-73f4eb30fb05e4418a018706edc1853b .av-subheading{\nfont-size:15px;\n}\n<\/style>\n<div  class='av-special-heading av-57ovx-73f4eb30fb05e4418a018706edc1853b av-special-heading-h3 blockquote modern-quote  avia-builder-el-24  el_after_av_image  el_before_av_hr '><h3 class='av-special-heading-tag '  itemprop=\"headline\"  >Interior Design<\/h3><div class=\"special-heading-border\"><div class=\"special-heading-inner-border\"><\/div><\/div><\/div><br \/>\n\n<style type=\"text\/css\" data-created_by=\"avia_inline_auto\" id=\"style-css-av-4iu4t-1622282f461b5ce99507f0a1ffc96204\">\n#top .hr.av-4iu4t-1622282f461b5ce99507f0a1ffc96204{\nmargin-top:10px;\nmargin-bottom:10px;\n}\n.hr.av-4iu4t-1622282f461b5ce99507f0a1ffc96204 .hr-inner{\nwidth:50px;\nborder-color:#efbb20;\n}\n<\/style>\n<div  class='hr av-4iu4t-1622282f461b5ce99507f0a1ffc96204 hr-custom  avia-builder-el-25  el_after_av_heading  el_before_av_textblock  hr-left hr-icon-no'><span class='hr-inner inner-border-av-border-fat'><span class=\"hr-inner-style\"><\/span><\/span><\/div><br \/>\n<section  class='av_textblock_section av-3vlbt-29fed4fb7f9aabb771a47afbeee3cd49 '   itemscope=\"itemscope\" itemtype=\"https:\/\/schema.org\/CreativeWork\" ><div class='avia_textblock'  itemprop=\"text\" ><p>Lorem ipsum dolor sit amet, consectetuer adipiscing elit. Aenean commodo ligula eget dolor. Aenean massa.<\/p>\n<\/div><\/section><\/p><\/div><\/p>\n\n<style type=\"text\/css\" data-created_by=\"avia_inline_auto\" id=\"style-css-av-cpt9-53e62fc0000df6669cd7299893d13b40\">\n.flex_column.av-cpt9-53e62fc0000df6669cd7299893d13b40{\nborder-radius:0px 0px 0px 0px;\npadding:0px 0px 0px 0px;\n}\n<\/style>\n<div  class='flex_column av-cpt9-53e62fc0000df6669cd7299893d13b40 av_one_half  avia-builder-el-27  el_after_av_one_half  avia-builder-el-last  flex_column_div av-animated-generic bottom-to-top av-zero-column-padding  column-top-margin'     ><p>\n<style type=\"text\/css\" data-created_by=\"avia_inline_auto\" id=\"style-css-av-2lxyp-5e48ad198946545946b262a62d91ac2c\">\n.avia-image-container.av-2lxyp-5e48ad198946545946b262a62d91ac2c img.avia_image{\nbox-shadow:none;\n}\n.avia-image-container.av-2lxyp-5e48ad198946545946b262a62d91ac2c .av-image-caption-overlay-center{\ncolor:#ffffff;\n}\n<\/style>\n<div  class='avia-image-container av-2lxyp-5e48ad198946545946b262a62d91ac2c av-styling-no-styling av-img-linked avia-align-center  avia-builder-el-28  el_before_av_heading  avia-builder-el-first '   itemprop=\"image\" itemscope=\"itemscope\" itemtype=\"https:\/\/schema.org\/ImageObject\" ><div class=\"avia-image-container-inner\"><div class=\"avia-image-overlay-wrap\"><a href=\"https:\/\/gpdanismanlik.com.tr\/?page_id=144\" class='avia_image '  aria-label='personel bulma'><img decoding=\"async\" fetchpriority=\"high\" class='wp-image-318 avia-img-lazy-loading-not-318 avia_image ' src=\"https:\/\/gpdanismanlik.com.tr\/wp-content\/uploads\/2025\/04\/personel-bulma.webp\" alt='personel bulma' title='personel bulma'  height=\"321\" width=\"845\"  itemprop=\"thumbnailUrl\" srcset=\"https:\/\/gpdanismanlik.com.tr\/wp-content\/uploads\/2025\/04\/personel-bulma.webp 845w, https:\/\/gpdanismanlik.com.tr\/wp-content\/uploads\/2025\/04\/personel-bulma-300x114.webp 300w, https:\/\/gpdanismanlik.com.tr\/wp-content\/uploads\/2025\/04\/personel-bulma-768x292.webp 768w, https:\/\/gpdanismanlik.com.tr\/wp-content\/uploads\/2025\/04\/personel-bulma-705x268.webp 705w\" sizes=\"(max-width: 845px) 100vw, 845px\" \/><\/a><\/div><\/div><\/div><br \/>\n\n<style type=\"text\/css\" data-created_by=\"avia_inline_auto\" id=\"style-css-av-uq9-2cc7f86166eed772929d39fb4be05613\">\n#top .av-special-heading.av-uq9-2cc7f86166eed772929d39fb4be05613{\npadding-bottom:0;\n}\nbody .av-special-heading.av-uq9-2cc7f86166eed772929d39fb4be05613 .av-special-heading-tag .heading-char{\nfont-size:25px;\n}\n.av-special-heading.av-uq9-2cc7f86166eed772929d39fb4be05613 .av-subheading{\nfont-size:15px;\n}\n<\/style>\n<div  class='av-special-heading av-uq9-2cc7f86166eed772929d39fb4be05613 av-special-heading-h3 blockquote modern-quote  avia-builder-el-29  el_after_av_image  el_before_av_hr '><h3 class='av-special-heading-tag '  itemprop=\"headline\"  >Performans Y\u00f6netimi<\/h3><div class=\"special-heading-border\"><div class=\"special-heading-inner-border\"><\/div><\/div><\/div><br \/>\n\n<style type=\"text\/css\" data-created_by=\"avia_inline_auto\" id=\"style-css-av-1cuw5-6f101d7d0a34d8c922a3b4bf29227fdc\">\n#top .hr.av-1cuw5-6f101d7d0a34d8c922a3b4bf29227fdc{\nmargin-top:10px;\nmargin-bottom:10px;\n}\n.hr.av-1cuw5-6f101d7d0a34d8c922a3b4bf29227fdc .hr-inner{\nwidth:50px;\nborder-color:#efbb20;\n}\n<\/style>\n<div  class='hr av-1cuw5-6f101d7d0a34d8c922a3b4bf29227fdc hr-custom  avia-builder-el-30  el_after_av_heading  el_before_av_textblock  hr-left hr-icon-no'><span class='hr-inner inner-border-av-border-fat'><span class=\"hr-inner-style\"><\/span><\/span><\/div><br \/>\n<section  class='av_textblock_section av-yvq9-e933ffab386116317b052e57982578ea '   itemscope=\"itemscope\" itemtype=\"https:\/\/schema.org\/CreativeWork\" ><div class='avia_textblock'  itemprop=\"text\" ><p>Lorem ipsum dolor sit amet, consectetuer adipiscing elit. Aenean commodo ligula eget dolor. Aenean massa.<\/p>\n<\/div><\/section><\/p><\/div>\n","protected":false},"excerpt":{"rendered":"","protected":false},"author":1,"featured_media":0,"parent":0,"menu_order":0,"comment_status":"closed","ping_status":"closed","template":"","meta":{"footnotes":""},"class_list":["post-25","page","type-page","status-publish","hentry"],"_links":{"self":[{"href":"https:\/\/gpdanismanlik.com.tr\/index.php?rest_route=\/wp\/v2\/pages\/25","targetHints":{"allow":["GET"]}}],"collection":[{"href":"https:\/\/gpdanismanlik.com.tr\/index.php?rest_route=\/wp\/v2\/pages"}],"about":[{"href":"https:\/\/gpdanismanlik.com.tr\/index.php?rest_route=\/wp\/v2\/types\/page"}],"author":[{"embeddable":true,"href":"https:\/\/gpdanismanlik.com.tr\/index.php?rest_route=\/wp\/v2\/users\/1"}],"replies":[{"embeddable":true,"href":"https:\/\/gpdanismanlik.com.tr\/index.php?rest_route=%2Fwp%2Fv2%2Fcomments&post=25"}],"version-history":[{"count":5,"href":"https:\/\/gpdanismanlik.com.tr\/index.php?rest_route=\/wp\/v2\/pages\/25\/revisions"}],"predecessor-version":[{"id":340,"href":"https:\/\/gpdanismanlik.com.tr\/index.php?rest_route=\/wp\/v2\/pages\/25\/revisions\/340"}],"wp:attachment":[{"href":"https:\/\/gpdanismanlik.com.tr\/index.php?rest_route=%2Fwp%2Fv2%2Fmedia&parent=25"}],"curies":[{"name":"wp","href":"https:\/\/api.w.org\/{rel}","templated":true}]}}