{"id":31,"date":"2015-10-21T12:34:01","date_gmt":"2015-10-21T12:34:01","guid":{"rendered":"http:\/\/test.kriesi.at\/construction\/?page_id=31"},"modified":"2025-05-03T09:13:37","modified_gmt":"2025-05-03T06:13:37","slug":"hakkimizda","status":"publish","type":"page","link":"https:\/\/gpdanismanlik.com.tr\/?page_id=31","title":{"rendered":"Hakk\u0131m\u0131zda"},"content":{"rendered":"<div id='av_section_1'  class='avia-section av-m3e4n-519e14ec8ac86d5173f9511bd54f6359 main_color avia-section-large avia-no-border-styling  avia-builder-el-0  el_before_av_one_half  avia-builder-el-first  avia-bg-style-scroll container_wrap sidebar_right'  ><div class='container av-section-cont-open' ><main  role=\"main\" itemprop=\"mainContentOfPage\"  class='template-page content  av-content-small alpha units'><div class='post-entry post-entry-type-page post-entry-31'><div class='entry-content-wrapper clearfix'>\n\n<style type=\"text\/css\" data-created_by=\"avia_inline_auto\" id=\"style-css-av-liqj7-754b38c1884d52e988ba3952ec9b2651\">\n#top .av-special-heading.av-liqj7-754b38c1884d52e988ba3952ec9b2651{\npadding-bottom:0;\n}\nbody .av-special-heading.av-liqj7-754b38c1884d52e988ba3952ec9b2651 .av-special-heading-tag .heading-char{\nfont-size:25px;\n}\n.av-special-heading.av-liqj7-754b38c1884d52e988ba3952ec9b2651 .av-subheading{\nfont-size:15px;\n}\n<\/style>\n<div  class='av-special-heading av-liqj7-754b38c1884d52e988ba3952ec9b2651 av-special-heading-h1 blockquote modern-quote modern-centered  avia-builder-el-1  avia-builder-el-no-sibling '><h1 class='av-special-heading-tag '  itemprop=\"headline\"  >Hakk\u0131m\u0131zda<\/h1><div class=\"special-heading-border\"><div class=\"special-heading-inner-border\"><\/div><\/div><\/div>\n<\/div><\/div><\/main><!-- close content main element --><\/div><\/div><div id='after_section_1'  class='main_color av_default_container_wrap container_wrap sidebar_right'  ><div class='container av-section-cont-open' ><div class='template-page content  av-content-small alpha units'><div class='post-entry post-entry-type-page post-entry-31'><div class='entry-content-wrapper clearfix'>\n<div  class='flex_column av-1wm5v-2ba7898c9ff8c67594a9de09b8640ce8 av_one_half  avia-builder-el-2  el_after_av_section  el_before_av_one_half  avia-builder-el-first  first flex_column_div  '     ><style type=\"text\/css\" data-created_by=\"avia_inline_auto\" id=\"style-css-av-m9xtlwf0-fa63bae8cd0e49fc6155f3bdf75f173f\">\n.avia-image-container.av-m9xtlwf0-fa63bae8cd0e49fc6155f3bdf75f173f img.avia_image{\nbox-shadow:none;\n}\n.avia-image-container.av-m9xtlwf0-fa63bae8cd0e49fc6155f3bdf75f173f .av-image-caption-overlay-center{\ncolor:#ffffff;\n}\n<\/style>\n<div  class='avia-image-container av-m9xtlwf0-fa63bae8cd0e49fc6155f3bdf75f173f av-styling- avia-align-center  avia-builder-el-3  avia-builder-el-no-sibling '   itemprop=\"image\" itemscope=\"itemscope\" itemtype=\"https:\/\/schema.org\/ImageObject\" ><div class=\"avia-image-container-inner\"><div class=\"avia-image-overlay-wrap\"><img decoding=\"async\" fetchpriority=\"high\" class='wp-image-475 avia-img-lazy-loading-not-475 avia_image ' src=\"https:\/\/gpdanismanlik.com.tr\/wp-content\/uploads\/2025\/05\/gp-danismanlik-gizem-polat-1.webp\" alt='gp dan\u0131\u015fmanl\u0131k gizem polat' title='gp dan\u0131\u015fmanl\u0131k gizem polat'  height=\"696\" width=\"450\"  itemprop=\"thumbnailUrl\" srcset=\"https:\/\/gpdanismanlik.com.tr\/wp-content\/uploads\/2025\/05\/gp-danismanlik-gizem-polat-1.webp 450w, https:\/\/gpdanismanlik.com.tr\/wp-content\/uploads\/2025\/05\/gp-danismanlik-gizem-polat-1-194x300.webp 194w\" sizes=\"(max-width: 450px) 100vw, 450px\" \/><\/div><\/div><\/div><\/div><div  class='flex_column av-1kjo7-d72cf494e56d3e97f463e68bb534b322 av_one_half  avia-builder-el-4  el_after_av_one_half  avia-builder-el-last  flex_column_div  '     ><section  class='av_textblock_section av-m9zfba6p-aa2f0b62b81c83f799003114e4b172e3 '   itemscope=\"itemscope\" itemtype=\"https:\/\/schema.org\/CreativeWork\" ><div class='avia_textblock'  itemprop=\"text\" ><p><strong><span class=\"s2\">Gizem Polat \u2013 Kurucu &amp; Dan\u0131\u015fman<\/span><\/strong><\/p>\n<p><strong><span class=\"s2\">G<\/span><span class=\"s2\">P <\/span><span class=\"s2\">Dan\u0131\u015fmanl\u0131k<\/span><\/strong><\/p>\n<p><span class=\"s3\">Gizem Polat, insan kaynaklar\u0131, y\u00f6netim ve e\u011fitim dan\u0131\u015fmanl\u0131\u011f\u0131 alan\u0131nda uzmanla\u015fm\u0131\u015f bir profesyonel olarak GP Dan\u0131\u015fmanl\u0131k\u2019\u0131n kurucusudur. \u0130nsan Kaynaklar\u0131 Y\u00f6netimi alan\u0131ndaki tutkusunu kariyerine ta\u015f\u0131yan Polat, lisans e\u011fitimini \u0130nsan Kaynaklar\u0131 Y\u00f6netimi b\u00f6l\u00fcm\u00fcnde tamamlam\u0131\u015f, ard\u0131ndan Ege \u00dcniversitesi\u2019nde \u0130nsan Kaynaklar\u0131 Y\u00f6netimi ve Y\u00f6netim Geli\u015ftirme \u00fczerine y\u00fcksek lisans yapm\u0131\u015ft\u0131r. \u00dcniversite y\u0131llar\u0131ndan itibaren kariyerine y\u00f6n veren insan odakl\u0131 yakla\u015f\u0131m\u0131 ve stratejik bak\u0131\u015f a\u00e7\u0131s\u0131yla, farkl\u0131 sekt\u00f6rlerde bir\u00e7ok firman\u0131n insan kaynaklar\u0131 s\u00fcre\u00e7lerine de\u011fer katm\u0131\u015ft\u0131r.<\/span><\/p>\n<p class=\"s4\"><span class=\"s3\">Kurucusu oldu\u011fu<\/span><span class=\"s3\"> GP <\/span><span class=\"s3\">Dan\u0131\u015fmanl\u0131k<\/span><span class=\"s3\">,<\/span><span class=\"s3\"> hem kurumsal hem bireysel alanda dan\u0131\u015fmanl\u0131k hizmetleri sunmaktad\u0131r. Kurumsal tarafta; \u015firketlerin yap\u0131s\u0131na \u00f6zel \u00e7\u00f6z\u00fcmler geli\u015ftirerek, insan kaynaklar\u0131 s\u00fcre\u00e7lerinin yeniden yap\u0131land\u0131r\u0131lmas\u0131, y\u00f6netim geli\u015ftirme ve organizasyonel d\u00f6n\u00fc\u015f\u00fcm gibi alanlarda stratejik destek sa\u011flamaktad\u0131r. Polat\u2019\u0131n vizyonu; yerel ve uluslararas\u0131 \u00f6l\u00e7ekte faaliyet g\u00f6steren \u015firketlerin s\u00fcrd\u00fcr\u00fclebilir ba\u015far\u0131ya ula\u015fmalar\u0131na katk\u0131 sa\u011flamak, her kurumun benzersiz yap\u0131s\u0131na uygun, insan odakl\u0131 ve stratejik \u00e7\u00f6z\u00fcmler \u00fcretmektir.<\/span><\/p>\n<p class=\"s4\"><span class=\"s3\">Bireysel dan\u0131\u015fmanl\u0131k hizmetlerinde ise; kariyer yolculu\u011funu yeniden \u015fekillendirmek isteyen profesyonellerden, ki\u015fisel geli\u015fimine yat\u0131r\u0131m yapmak isteyen bireylere kadar geni\u015f bir kitleye, fark\u0131ndal\u0131k temelli, ihtiya\u00e7lara \u00f6zel rehberlik sunulmaktad\u0131r. Dan\u0131\u015fanlar\u0131n i\u00e7sel potansiyellerini ke\u015ffetmeleri, hedeflerine net bir \u015fekilde ula\u015fmalar\u0131 ve daha dengeli, tatmin edici bir ya\u015fam kurmalar\u0131 i\u00e7in d\u00f6n\u00fc\u015f\u00fcm odakl\u0131 bir destek verilmektedir.<\/span><\/p>\n<p class=\"s4\"><span class=\"s3\">\u201c\u0130\u015fimizi tutkuyla yap\u0131yoruz, \u00e7\u00fcnk\u00fc insanlara ve kurumlara de\u011fer katmak en b\u00fcy\u00fck motivasyonumuz\u201d diyen Gizem Polat\u2019\u0131n dan\u0131\u015fmanl\u0131k yakla\u015f\u0131m\u0131, her m\u00fc\u015fteriye \u00f6zel, \u00f6zg\u00fcn \u00e7\u00f6z\u00fcmler \u00fcretmeye dayan\u0131r. Haz\u0131r kal\u0131plar yerine, firman\u0131n kendi dinamiklerini analiz eden ve s\u00fcrd\u00fcr\u00fclebilir geli\u015fimi temel alan yakla\u015f\u0131mlar\u0131yla, \u015firketlere somut katk\u0131lar sa\u011flamaktad\u0131r.<\/span><\/p>\n<p class=\"s4\"><span class=\"s3\">E\u011fitim ve geli\u015fim konular\u0131nda da aktif rol \u00fcstlenen Polat, kurum i\u00e7i e\u011fitimlerin planlanmas\u0131 ve uygulanmas\u0131 s\u00fcre\u00e7lerinde stratejik bir i\u015f orta\u011f\u0131 olarak yer almaktad\u0131r.<\/span> <span class=\"s3\">De\u011fi\u015fen i\u015f d\u00fcnyas\u0131na h\u0131zla <\/span><span class=\"s3\">adapte olabilen<\/span><span class=\"s3\"> yap\u0131s\u0131 sayesinde yaln\u0131zca mevcut sorunlara \u00e7\u00f6z\u00fcm sunmakla kalmaz; ayn\u0131 zamanda \u015firketlerin gelece\u011fe haz\u0131rl\u0131kl\u0131 olmalar\u0131n\u0131 sa\u011flayacak stratejiler geli\u015ftirmektedir.<\/span><\/p>\n<p class=\"s4\"><span class=\"s3\">Bug\u00fcn GP Dan\u0131\u015fmanl\u0131k, yaln\u0131zca bir dan\u0131\u015fmanl\u0131k hizmeti de\u011fil; g\u00fcvenilir, \u00e7\u00f6z\u00fcm odakl\u0131 ve uzun vadeli i\u015f ortakl\u0131\u011f\u0131 anlay\u0131\u015f\u0131yla hareket eden bir yap\u0131d\u0131r. Gizem Polat\u2019\u0131n liderli\u011finde, \u015firketlerin bug\u00fcnk\u00fc ihtiya\u00e7lar\u0131n\u0131 kar\u015f\u0131larken, onlar\u0131 gelece\u011fe sa\u011flam ad\u0131mlarla ta\u015f\u0131ma hedefiyle yoluna devam etmektedir.<\/span><\/p>\n<\/div><\/section><\/div><\/p>\n","protected":false},"excerpt":{"rendered":"","protected":false},"author":1,"featured_media":0,"parent":0,"menu_order":0,"comment_status":"closed","ping_status":"closed","template":"","meta":{"footnotes":""},"class_list":["post-31","page","type-page","status-publish","hentry"],"_links":{"self":[{"href":"https:\/\/gpdanismanlik.com.tr\/index.php?rest_route=\/wp\/v2\/pages\/31","targetHints":{"allow":["GET"]}}],"collection":[{"href":"https:\/\/gpdanismanlik.com.tr\/index.php?rest_route=\/wp\/v2\/pages"}],"about":[{"href":"https:\/\/gpdanismanlik.com.tr\/index.php?rest_route=\/wp\/v2\/types\/page"}],"author":[{"embeddable":true,"href":"https:\/\/gpdanismanlik.com.tr\/index.php?rest_route=\/wp\/v2\/users\/1"}],"replies":[{"embeddable":true,"href":"https:\/\/gpdanismanlik.com.tr\/index.php?rest_route=%2Fwp%2Fv2%2Fcomments&post=31"}],"version-history":[{"count":9,"href":"https:\/\/gpdanismanlik.com.tr\/index.php?rest_route=\/wp\/v2\/pages\/31\/revisions"}],"predecessor-version":[{"id":476,"href":"https:\/\/gpdanismanlik.com.tr\/index.php?rest_route=\/wp\/v2\/pages\/31\/revisions\/476"}],"wp:attachment":[{"href":"https:\/\/gpdanismanlik.com.tr\/index.php?rest_route=%2Fwp%2Fv2%2Fmedia&parent=31"}],"curies":[{"name":"wp","href":"https:\/\/api.w.org\/{rel}","templated":true}]}}